{"id":675,"date":"2024-02-26T23:10:11","date_gmt":"2024-02-27T06:10:11","guid":{"rendered":"https:\/\/catalabs.mx\/?page_id=675"},"modified":"2024-04-28T21:01:42","modified_gmt":"2024-04-29T04:01:42","slug":"laboratorios-prueba","status":"publish","type":"page","link":"https:\/\/catalabs.mx\/","title":{"rendered":"Laboratorios"},"content":{"rendered":"\n<div id=\"lab-carousel\" class=\"carousel slide carousel-fade\">\n  <div class=\"carousel-indicators\">\n    <button type=\"button\" data-bs-target=\"#lab-carousel\" data-bs-slide-to=\"0\" aria-label=\"Laboratorio de Sistemas Inteligentes\" class=\"active\" aria-current=\"true\"><\/button>\n    <button type=\"button\" data-bs-target=\"#lab-carousel\" data-bs-slide-to=\"1\" aria-label=\"Laboratorio de Tecnolog\u00edas de Aprendizaje\"><\/button>\n    <button type=\"button\" data-bs-target=\"#lab-carousel\" data-bs-slide-to=\"2\" aria-label=\"Laboratorio Optimizaci\u00f3n y Pron\u00f3sticos\"><\/button>\n  <\/div>\n  <div class=\"carousel-inner\">\n\n    <div class=\"ratio ratio-16x9 carousel-item active text-light\">\n      <a href=\"https:\/\/catalabs.mx\/index.php\/laboratorio-de-computacion-afectiva\/\">\n        <img decoding=\"async\" src=\"https:\/\/catalabs.mx\/wp-content\/uploads\/2024\/03\/persona-que-usa-herramienta-ai-trabajo-_2_-scaled.webp\" class=\"img-fluid d-block w-80\" alt=\"Laboratorio de Sistemas Inteligentes\">\n        <div class=\"carousel-caption d-none d-md-block\">\n        <h4 class=\"text-light\" style=\"text-shadow: 0 0 2px #000;\">Laboratorio de Computaci\u00f3n Afectiva<\/h4>\n      <\/div>\n      <\/a>\n    <\/div>\n\n    <div class=\"ratio ratio-16x9 carousel-item text-light\">\n      <a href=\"https:\/\/catalabs.mx\/index.php\/laboratorio-de-tecnologias-de-aprendizaje\/\">\n        <img decoding=\"async\" src=\"https:\/\/catalabs.mx\/wp-content\/uploads\/2024\/03\/persona-que-usa-herramienta-ai-trabajo-_3_-1-scaled.webp\" class=\"img-fluid d-block w-80\" alt=\"Laboratorio de Tecnolog\u00edas de Aprendizaje\">\n        <div class=\"carousel-caption d-none d-md-block\">\n        <h4 class=\"text-light\" style=\"text-shadow: 0 0 2px #000;\">Laboratorio de Tecnolog\u00edas de Aprendizaje<\/h4>\n      <\/div>\n      <\/a>\n    <\/div>\n\n    <div class=\"ratio ratio-16x9 carousel-item text-light\">\n      <a href=\"https:\/\/catalabs.mx\/index.php\/laboratorio-de-optimizacion-y-pronosticos\/\">\n        <img decoding=\"async\" src=\"https:\/\/catalabs.mx\/wp-content\/uploads\/2024\/03\/persona-que-usa-herramienta-ai-trabajo-_1_-1-scaled.webp\" class=\"img-fluid d-block w-80\" alt=\"Laboratorio Optimizaci\u00f3n y Pron\u00f3sticos\">\n        <div class=\"carousel-caption d-none d-md-block\">\n        <h4 class=\"text-light\" style=\"text-shadow: 0 0 2px #000;\">Laboratorio Optimizaci\u00f3n y Pron\u00f3sticos<\/h4>\n      <\/div>\n      <\/a>\n    <\/div>\n\n  <\/div>\n\n\n  <button class=\"carousel-control-prev\" type=\"button\" data-bs-target=\"#lab-carousel\" data-bs-slide=\"prev\">\n    <span class=\"carousel-control-prev-icon\" aria-hidden=\"true\"><\/span>\n    <span class=\"visually-hidden\">Previous<\/span>\n  <\/button>\n  <button class=\"carousel-control-next\" type=\"button\" data-bs-target=\"#lab-carousel\" data-bs-slide=\"next\">\n    <span class=\"carousel-control-next-icon\" aria-hidden=\"true\"><\/span>\n    <span class=\"visually-hidden\">Next<\/span>\n  <\/button>\n\n\n\n<\/div>\n","protected":false},"excerpt":{"rendered":"<p>Laboratorio de Computaci\u00f3n Afectiva Laboratorio de Tecnolog\u00edas de Aprendizaje Laboratorio Optimizaci\u00f3n y Pron\u00f3sticos Previous Next<\/p>\n","protected":false},"author":4,"featured_media":0,"parent":0,"menu_order":0,"comment_status":"closed","ping_status":"closed","template":"","meta":{"footnotes":""},"class_list":["post-675","page","type-page","status-publish","hentry"],"yoast_head":"<!-- This site is optimized with the Yoast SEO plugin v23.7 - https:\/\/yoast.com\/wordpress\/plugins\/seo\/ -->\n<title>Laboratorios - CATAALABS<\/title>\n<meta name=\"robots\" content=\"index, follow, max-snippet:-1, max-image-preview:large, max-video-preview:-1\" \/>\n<link rel=\"canonical\" href=\"https:\/\/catalabs.mx\/\" \/>\n<meta property=\"og:locale\" content=\"es_MX\" \/>\n<meta property=\"og:type\" content=\"article\" \/>\n<meta property=\"og:title\" content=\"Laboratorios - CATAALABS\" \/>\n<meta property=\"og:description\" content=\"Laboratorio de Computaci\u00f3n Afectiva Laboratorio de Tecnolog\u00edas de Aprendizaje Laboratorio Optimizaci\u00f3n y Pron\u00f3sticos Previous Next\" \/>\n<meta property=\"og:url\" content=\"https:\/\/catalabs.mx\/\" \/>\n<meta property=\"og:site_name\" content=\"CATAALABS\" \/>\n<meta property=\"article:modified_time\" content=\"2024-04-29T04:01:42+00:00\" \/>\n<meta property=\"og:image\" content=\"https:\/\/catalabs.mx\/wp-content\/uploads\/2024\/03\/persona-que-usa-herramienta-ai-trabajo-_2_-scaled.webp\" \/>\n<meta name=\"twitter:card\" content=\"summary_large_image\" \/>\n<meta name=\"twitter:label1\" content=\"Tiempo de lectura\" \/>\n\t<meta name=\"twitter:data1\" content=\"1 minuto\" \/>\n<script type=\"application\/ld+json\" class=\"yoast-schema-graph\">{\"@context\":\"https:\/\/schema.org\",\"@graph\":[{\"@type\":\"WebPage\",\"@id\":\"https:\/\/catalabs.mx\/\",\"url\":\"https:\/\/catalabs.mx\/\",\"name\":\"Laboratorios - CATAALABS\",\"isPartOf\":{\"@id\":\"https:\/\/catalabs.mx\/#website\"},\"primaryImageOfPage\":{\"@id\":\"https:\/\/catalabs.mx\/#primaryimage\"},\"image\":{\"@id\":\"https:\/\/catalabs.mx\/#primaryimage\"},\"thumbnailUrl\":\"https:\/\/catalabs.mx\/wp-content\/uploads\/2024\/03\/persona-que-usa-herramienta-ai-trabajo-_2_-scaled.webp\",\"datePublished\":\"2024-02-27T06:10:11+00:00\",\"dateModified\":\"2024-04-29T04:01:42+00:00\",\"breadcrumb\":{\"@id\":\"https:\/\/catalabs.mx\/#breadcrumb\"},\"inLanguage\":\"es\",\"potentialAction\":[{\"@type\":\"ReadAction\",\"target\":[\"https:\/\/catalabs.mx\/\"]}]},{\"@type\":\"ImageObject\",\"inLanguage\":\"es\",\"@id\":\"https:\/\/catalabs.mx\/#primaryimage\",\"url\":\"https:\/\/catalabs.mx\/wp-content\/uploads\/2024\/03\/persona-que-usa-herramienta-ai-trabajo-_2_-scaled.webp\",\"contentUrl\":\"https:\/\/catalabs.mx\/wp-content\/uploads\/2024\/03\/persona-que-usa-herramienta-ai-trabajo-_2_-scaled.webp\",\"width\":2560,\"height\":1707},{\"@type\":\"BreadcrumbList\",\"@id\":\"https:\/\/catalabs.mx\/#breadcrumb\",\"itemListElement\":[{\"@type\":\"ListItem\",\"position\":1,\"name\":\"Inicio\",\"item\":\"https:\/\/catalabs.mx\/\"},{\"@type\":\"ListItem\",\"position\":2,\"name\":\"Laboratorios\"}]},{\"@type\":\"WebSite\",\"@id\":\"https:\/\/catalabs.mx\/#website\",\"url\":\"https:\/\/catalabs.mx\/\",\"name\":\"CATAALABS\",\"description\":\"Laboratorios de Investigaci\u00f3n en Computaci\u00f3n Afectiva y T\u00e9cnicas Avanzadas de Aprendizaje ITC\",\"publisher\":{\"@id\":\"https:\/\/catalabs.mx\/#organization\"},\"potentialAction\":[{\"@type\":\"SearchAction\",\"target\":{\"@type\":\"EntryPoint\",\"urlTemplate\":\"https:\/\/catalabs.mx\/?s={search_term_string}\"},\"query-input\":{\"@type\":\"PropertyValueSpecification\",\"valueRequired\":true,\"valueName\":\"search_term_string\"}}],\"inLanguage\":\"es\"},{\"@type\":\"Organization\",\"@id\":\"https:\/\/catalabs.mx\/#organization\",\"name\":\"CATAALABS\",\"url\":\"https:\/\/catalabs.mx\/\",\"logo\":{\"@type\":\"ImageObject\",\"inLanguage\":\"es\",\"@id\":\"https:\/\/catalabs.mx\/#\/schema\/logo\/image\/\",\"url\":\"https:\/\/catalabs.mx\/wp-content\/uploads\/2024\/02\/logo-CATALABS.webp\",\"contentUrl\":\"https:\/\/catalabs.mx\/wp-content\/uploads\/2024\/02\/logo-CATALABS.webp\",\"width\":570,\"height\":692,\"caption\":\"CATAALABS\"},\"image\":{\"@id\":\"https:\/\/catalabs.mx\/#\/schema\/logo\/image\/\"}}]}<\/script>\n<!-- \/ Yoast SEO plugin. -->","yoast_head_json":{"title":"Laboratorios - CATAALABS","robots":{"index":"index","follow":"follow","max-snippet":"max-snippet:-1","max-image-preview":"max-image-preview:large","max-video-preview":"max-video-preview:-1"},"canonical":"https:\/\/catalabs.mx\/","og_locale":"es_MX","og_type":"article","og_title":"Laboratorios - CATAALABS","og_description":"Laboratorio de Computaci\u00f3n Afectiva Laboratorio de Tecnolog\u00edas de Aprendizaje Laboratorio Optimizaci\u00f3n y Pron\u00f3sticos Previous Next","og_url":"https:\/\/catalabs.mx\/","og_site_name":"CATAALABS","article_modified_time":"2024-04-29T04:01:42+00:00","og_image":[{"url":"https:\/\/catalabs.mx\/wp-content\/uploads\/2024\/03\/persona-que-usa-herramienta-ai-trabajo-_2_-scaled.webp"}],"twitter_card":"summary_large_image","twitter_misc":{"Tiempo de lectura":"1 minuto"},"schema":{"@context":"https:\/\/schema.org","@graph":[{"@type":"WebPage","@id":"https:\/\/catalabs.mx\/","url":"https:\/\/catalabs.mx\/","name":"Laboratorios - CATAALABS","isPartOf":{"@id":"https:\/\/catalabs.mx\/#website"},"primaryImageOfPage":{"@id":"https:\/\/catalabs.mx\/#primaryimage"},"image":{"@id":"https:\/\/catalabs.mx\/#primaryimage"},"thumbnailUrl":"https:\/\/catalabs.mx\/wp-content\/uploads\/2024\/03\/persona-que-usa-herramienta-ai-trabajo-_2_-scaled.webp","datePublished":"2024-02-27T06:10:11+00:00","dateModified":"2024-04-29T04:01:42+00:00","breadcrumb":{"@id":"https:\/\/catalabs.mx\/#breadcrumb"},"inLanguage":"es","potentialAction":[{"@type":"ReadAction","target":["https:\/\/catalabs.mx\/"]}]},{"@type":"ImageObject","inLanguage":"es","@id":"https:\/\/catalabs.mx\/#primaryimage","url":"https:\/\/catalabs.mx\/wp-content\/uploads\/2024\/03\/persona-que-usa-herramienta-ai-trabajo-_2_-scaled.webp","contentUrl":"https:\/\/catalabs.mx\/wp-content\/uploads\/2024\/03\/persona-que-usa-herramienta-ai-trabajo-_2_-scaled.webp","width":2560,"height":1707},{"@type":"BreadcrumbList","@id":"https:\/\/catalabs.mx\/#breadcrumb","itemListElement":[{"@type":"ListItem","position":1,"name":"Inicio","item":"https:\/\/catalabs.mx\/"},{"@type":"ListItem","position":2,"name":"Laboratorios"}]},{"@type":"WebSite","@id":"https:\/\/catalabs.mx\/#website","url":"https:\/\/catalabs.mx\/","name":"CATAALABS","description":"Laboratorios de Investigaci\u00f3n en Computaci\u00f3n Afectiva y T\u00e9cnicas Avanzadas de Aprendizaje ITC","publisher":{"@id":"https:\/\/catalabs.mx\/#organization"},"potentialAction":[{"@type":"SearchAction","target":{"@type":"EntryPoint","urlTemplate":"https:\/\/catalabs.mx\/?s={search_term_string}"},"query-input":{"@type":"PropertyValueSpecification","valueRequired":true,"valueName":"search_term_string"}}],"inLanguage":"es"},{"@type":"Organization","@id":"https:\/\/catalabs.mx\/#organization","name":"CATAALABS","url":"https:\/\/catalabs.mx\/","logo":{"@type":"ImageObject","inLanguage":"es","@id":"https:\/\/catalabs.mx\/#\/schema\/logo\/image\/","url":"https:\/\/catalabs.mx\/wp-content\/uploads\/2024\/02\/logo-CATALABS.webp","contentUrl":"https:\/\/catalabs.mx\/wp-content\/uploads\/2024\/02\/logo-CATALABS.webp","width":570,"height":692,"caption":"CATAALABS"},"image":{"@id":"https:\/\/catalabs.mx\/#\/schema\/logo\/image\/"}}]}},"_links":{"self":[{"href":"https:\/\/catalabs.mx\/index.php\/wp-json\/wp\/v2\/pages\/675","targetHints":{"allow":["GET"]}}],"collection":[{"href":"https:\/\/catalabs.mx\/index.php\/wp-json\/wp\/v2\/pages"}],"about":[{"href":"https:\/\/catalabs.mx\/index.php\/wp-json\/wp\/v2\/types\/page"}],"author":[{"embeddable":true,"href":"https:\/\/catalabs.mx\/index.php\/wp-json\/wp\/v2\/users\/4"}],"replies":[{"embeddable":true,"href":"https:\/\/catalabs.mx\/index.php\/wp-json\/wp\/v2\/comments?post=675"}],"version-history":[{"count":70,"href":"https:\/\/catalabs.mx\/index.php\/wp-json\/wp\/v2\/pages\/675\/revisions"}],"predecessor-version":[{"id":865,"href":"https:\/\/catalabs.mx\/index.php\/wp-json\/wp\/v2\/pages\/675\/revisions\/865"}],"wp:attachment":[{"href":"https:\/\/catalabs.mx\/index.php\/wp-json\/wp\/v2\/media?parent=675"}],"curies":[{"name":"wp","href":"https:\/\/api.w.org\/{rel}","templated":true}]}}